{"id":4921,"date":"2021-04-14T19:05:03","date_gmt":"2021-04-14T19:05:03","guid":{"rendered":"https:\/\/socialinitiative.se\/case\/rosberg-case\/"},"modified":"2021-04-16T06:54:13","modified_gmt":"2021-04-16T06:54:13","slug":"rosberg-case","status":"publish","type":"page","link":"https:\/\/socialinitiative.se\/en\/case\/rosberg-case\/","title":{"rendered":"Rosberg case"},"content":{"rendered":"<div class=\"wpb-content-wrapper\"><p>[vc_row][vc_column]\r\n\t<div class=\"fundrize-spacer clearfix\" data-desktop=\"60\" data-mobi=\"40\" data-smobi=\"40\"><\/div><div class=\"fundrize-headings clearfix text-center\"  style=\"\"><h2 class=\"heading clearfix\" style=\"margin-bottom:20px;\">\r\n\t\tThe Rosberg family strengthens vulnerable girls\r\n\t<\/h2><p class=\"sub-heading clearfix\" style=\"font-style:normal;max-width:700px; margin-left: auto; margin-right: auto;\">\r\n\t\tThe Rosbergs have four daughters and are passionate about supporting vulnerable girls. They wanted to involve the entire family with efforts both at home and in a country further away, where conditions are worse and opportunities sparse. Based on Social Initiative\u2019s search, assessment and recommendations, the family chose to support Tjejzonen in Sweden and WISER Girls\u2019 School in Kenya.\r\n\t<\/p><\/div>\r\n\t<div class=\"fundrize-spacer clearfix\" data-desktop=\"60\" data-mobi=\"40\" data-smobi=\"40\"><\/div>[\/vc_column][\/vc_row][vc_row][vc_column width=&#8221;1\/2&#8243;][vc_single_image image=&#8221;2472&#8243; img_size=&#8221;large&#8221;]\r\n\t<div class=\"fundrize-spacer clearfix\" data-desktop=\"40\" data-mobi=\"40\" data-smobi=\"40\"><\/div>[\/vc_column][vc_column width=&#8221;1\/2&#8243;][vc_column_text css=&#8221;.vc_custom_1608128491605{padding-right: 29px !important;padding-left: 20px !important;}&#8221;]<\/p>\n<h3>A personal effort<\/h3>\n<p>After training with Tjejzonen, Ina Rosberg contributed with her time and engagement in the Tjejzonen chat. During a couple of hours once a week, she would chat with young girls from all over Sweden. Being able to talk about their feelings and problems and receive advice on how to handle negative thoughts often makes a big difference for the girls.<\/p>\n<blockquote><p>\u201cIt means a lot to me to be able to contribute by chatting to girls who are not feeling well\u201d, says Ina.<\/p><\/blockquote>\n<p>[\/vc_column_text]\r\n\t<div class=\"fundrize-spacer clearfix\" data-desktop=\"20\" data-mobi=\"20\" data-smobi=\"20\"><\/div>[\/vc_column][\/vc_row][vc_row][vc_column width=&#8221;1\/2&#8243;][vc_single_image image=&#8221;2475&#8243; img_size=&#8221;large&#8221;]\r\n\t<div class=\"fundrize-spacer clearfix\" data-desktop=\"40\" data-mobi=\"40\" data-smobi=\"40\"><\/div>[\/vc_column][vc_column width=&#8221;1\/2&#8243;][vc_column_text css=&#8221;.vc_custom_1608128229497{padding-right: 29px !important;padding-left: 20px !important;}&#8221;]<\/p>\n<h3>A family visit to the school<\/h3>\n<p>Together with one of their daughters, the Rosberg family visited the WISER School, located in a small fishing village in rural western Kenya. Their daughter took part in lessons, and the parents were impressed by the high level of knowledge among the students. Both students and teachers at the school gained new perspectives and thought it was fascinating to meet the Swedish student.[\/vc_column_text]\r\n\t<div class=\"fundrize-spacer clearfix\" data-desktop=\"20\" data-mobi=\"20\" data-smobi=\"20\"><\/div>[\/vc_column][\/vc_row][vc_row][vc_column width=&#8221;1\/2&#8243;][vc_single_image image=&#8221;2473&#8243; img_size=&#8221;large&#8221;]\r\n\t<div class=\"fundrize-spacer clearfix\" data-desktop=\"40\" data-mobi=\"40\" data-smobi=\"40\"><\/div>[\/vc_column][vc_column width=&#8221;1\/2&#8243;][vc_column_text css=&#8221;.vc_custom_1608128503662{padding-right: 29px !important;padding-left: 20px !important;}&#8221;]<\/p>\n<h3>More than just giving<\/h3>\n<p>The Rosbergs consider their philanthropic involvement just as important as their other investments \u2013 philanthropy is more than just giving.<\/p>\n<blockquote><p>\u201cGiven my background in the investment sector, it felt natural for us to approach our giving in a strategic and results-oriented way. Social Initiative helped us search and select two good organisations in order to strengthen vulnerable girls both at home and in Africa\u201d says Ulf Rosberg.<\/p><\/blockquote>\n<p>[\/vc_column_text]\r\n\t<div class=\"fundrize-spacer clearfix\" data-desktop=\"20\" data-mobi=\"20\" data-smobi=\"20\"><\/div>[\/vc_column][\/vc_row][vc_row][vc_column]\r\n\t<div class=\"fundrize-spacer clearfix\" data-desktop=\"20\" data-mobi=\"20\" data-smobi=\"20\"><\/div><div class=\"fundrize-headings clearfix text-center\"  style=\"\"><h2 class=\"heading clearfix\" style=\"\">\r\n\t\tFocus on effects\r\n\t<\/h2><\/div>\r\n\t<div class=\"fundrize-spacer clearfix\" data-desktop=\"20\" data-mobi=\"20\" data-smobi=\"20\"><\/div>[\/vc_column][\/vc_row][vc_row][vc_column width=&#8221;1\/2&#8243;]<div class=\"fundrize-list clearfix icon-left icon-middle\">\r\n\t\t<div style=\"padding:;margin-bottom:10px;\">\r\n\t\t\t<span style=\"padding-left:50px;\"><span class=\"icon \">\r\n\t\t\t<i class=\"typcn typcn-chevron-right\" style=\"color:#f89406;font-size:30px;\"><\/i>\r\n\t\t<\/span> <span style=\"\">Through Social Initiative, the Rosbergs get to see what kind of impact their support has; \u201cBesides the fact that we know how many girls attend the school and get to hear some of their stories, we also know that 55% of the graduating class last year achieved grades which qualify to university. When comparing that to the national average of 18%, we really see that our support makes a difference!\u201d<\/span><\/span>\r\n\t\t<\/div>\r\n\t<\/div>[\/vc_column][vc_column width=&#8221;1\/2&#8243;]<div class=\"fundrize-list clearfix icon-left icon-middle\">\r\n\t\t<div style=\"padding:;margin-bottom:10px;\">\r\n\t\t\t<span style=\"padding-left:50px;\"><span class=\"icon \">\r\n\t\t\t<i class=\"typcn typcn-chevron-right\" style=\"color:#f89406;font-size:30px;\"><\/i>\r\n\t\t<\/span> <span style=\"\">As an integral part of the family\u2019s support to Tjejzonen, Social Initiative has developed a system for more efficient and accurate ways of measuring the impact of the organisation\u2019s work. Tjejzonen and Social Initiative have shared their knowledge and experience from the work with other non-profit organisations, through Giva Sweden, among others. Tjejzonen och Social Initiative har spridit kunskapen och l\u00e4rdomarna fr\u00e5n det h\u00e4r arbetet till fler ideella organisationer, bland annat genom Giva Sverige.<\/span><\/span>\r\n\t\t<\/div>\r\n\t<\/div>[\/vc_column][\/vc_row][vc_row disable_element=&#8221;yes&#8221;][vc_column width=&#8221;1\/4&#8243;]<div class=\"fundrize-icon-box clearfix icon-top w60 accent-bg align-left  has-width\"> <h3 class=\"heading\" style=\"\">\r\n\t\t<a target=\"_blank\" href=\"\">\r\n\t\t\t<span>30% bidrar<\/span>\r\n\t\t<\/a>\r\n\t<\/h3><p class=\"desc\" style=\"\">\r\n\t\t<span>Medarbetarna p\u00e5 Carnegie \u00e4r personligt engagerade och var tredje medarbetare bidrar till projekten direkt fr\u00e5n l\u00f6nen varje m\u00e5nad. Mer \u00e4n h\u00e4lften av medarbetarna (51%) deltar regelbundet i insamlingskampanjer.<\/span>\r\n\t<\/p><\/div>[\/vc_column][vc_column width=&#8221;1\/4&#8243;]<div class=\"fundrize-icon-box clearfix icon-top w60 accent-bg align-left  has-width\"> <h3 class=\"heading\" style=\"\">\r\n\t\t<a target=\"_blank\" href=\"\">\r\n\t\t\t<span>Kontinuitet<\/span>\r\n\t\t<\/a>\r\n\t<\/h3><p class=\"desc\" style=\"\">\r\n\t\t<span>Kontinuiteten i Carnegies samh\u00e4llsengagemang har fortsatt trots f\u00f6r\u00e4ndring i f\u00f6retagets ledning, tack vare att Social Initiative funnits med hela v\u00e4gen.<\/span>\r\n\t<\/p><\/div>[\/vc_column][vc_column width=&#8221;1\/4&#8243;]<div class=\"fundrize-icon-box clearfix icon-top w60 accent-bg align-left  has-width\"> <h3 class=\"heading\" style=\"\">\r\n\t\t<a target=\"_blank\" href=\"\">\r\n\t\t\t<span>Samh\u00e4llseffekt<\/span>\r\n\t\t<\/a>\r\n\t<\/h3><p class=\"desc\" style=\"\">\r\n\t\t<span>Carnegies st\u00f6d och Social Initiatives aktiva arbete har lett till stor samh\u00e4llseffekt. P\u00e5 URDT Girls School i Uganda g\u00e5r alla elever vidare till gymnasiet, j\u00e4mf\u00f6rt med 60% nationellt.<\/span>\r\n\t<\/p><\/div>[\/vc_column][vc_column width=&#8221;1\/4&#8243;]<div class=\"fundrize-icon-box clearfix icon-top w60 accent-bg align-left  has-width\"> <h3 class=\"heading\" style=\"\">\r\n\t\t<a target=\"_blank\" href=\"\">\r\n\t\t\t<span>Samh\u00e4llseffekt<\/span>\r\n\t\t<\/a>\r\n\t<\/h3><p class=\"desc\" style=\"\">\r\n\t\t<span>P\u00e5 Door Step School i Mumbai \u00f6kar andelen barn som kan l\u00e4sa fr\u00e5n i snitt 35% till 85% under ett skol\u00e5r. Med hj\u00e4lp av Carnegies st\u00f6d satte vi upp det f\u00f6rsta datorcentret mitt i slummen. Det tog bara tre m\u00e5nader innan det stod f\u00e4rdigt och barnen i slummen f\u00f6r f\u00f6rsta g\u00e5ngen kunde l\u00e4ra sig hur man hanterar en dator.<\/span>\r\n\t<\/p><\/div>[\/vc_column][\/vc_row][vc_row][vc_column]\r\n\t<div class=\"fundrize-spacer clearfix\" data-desktop=\"40\" data-mobi=\"40\" data-smobi=\"40\"><\/div>[\/vc_column][\/vc_row][vc_row][vc_column][vc_column_text]<\/p>\n<p style=\"text-align: center;\"><a class=\"wprt-button solid accent\" style=\"text-align: center;\" href=\"https:\/\/socialinitiative.se\/en\/sociala-entreprenorer\/\" target=\"_self\" rel=\"noopener noreferrer\">Be inspired by our social entrepreneurs<\/a><\/p>\n<p>[\/vc_column_text][\/vc_column][\/vc_row][vc_row][vc_column]\r\n\t<div class=\"fundrize-spacer clearfix\" data-desktop=\"40\" data-mobi=\"40\" data-smobi=\"40\"><\/div>[\/vc_column][\/vc_row]<\/p>\n<\/div>","protected":false},"excerpt":{"rendered":"<p>[vc_row][vc_column][\/vc_column][\/vc_row][vc_row][vc_column width=&#8221;1\/2&#8243;][vc_single_image image=&#8221;2472&#8243; img_size=&#8221;large&#8221;][\/vc_column][vc_column width=&#8221;1\/2&#8243;][vc_column_text css=&#8221;.vc_custom_1608128491605{padding-right: 29px !important;padding-left: 20px !important;}&#8221;] A personal effort After training with Tjejzonen, Ina Rosberg contributed with her time and engagement in the Tjejzonen chat. During a couple of hours once a week, she would chat with young girls from all over Sweden. Being able to talk about their feelings and&hellip;<\/p>\n","protected":false},"author":1,"featured_media":0,"parent":4799,"menu_order":0,"comment_status":"closed","ping_status":"closed","template":"","meta":{"footnotes":""},"class_list":["post-4921","page","type-page","status-publish","hentry"],"yoast_head":"<!-- This site is optimized with the Yoast SEO plugin v27.5 - https:\/\/yoast.com\/product\/yoast-seo-wordpress\/ -->\n<title>Rosberg case - Social Initiative<\/title>\n<meta name=\"robots\" content=\"index, follow, max-snippet:-1, max-image-preview:large, max-video-preview:-1\" \/>\n<link rel=\"canonical\" href=\"https:\/\/socialinitiative.se\/en\/case\/rosberg-case\/\" \/>\n<meta property=\"og:locale\" content=\"en_US\" \/>\n<meta property=\"og:type\" content=\"article\" \/>\n<meta property=\"og:title\" content=\"Rosberg case - Social Initiative\" \/>\n<meta property=\"og:description\" content=\"[vc_row][vc_column][\/vc_column][\/vc_row][vc_row][vc_column width=&#8221;1\/2&#8243;][vc_single_image image=&#8221;2472&#8243; img_size=&#8221;large&#8221;][\/vc_column][vc_column width=&#8221;1\/2&#8243;][vc_column_text css=&#8221;.vc_custom_1608128491605{padding-right: 29px !important;padding-left: 20px !important;}&#8221;] A personal effort After training with Tjejzonen, Ina Rosberg contributed with her time and engagement in the Tjejzonen chat. During a couple of hours once a week, she would chat with young girls from all over Sweden. Being able to talk about their feelings and&hellip;\" \/>\n<meta property=\"og:url\" content=\"https:\/\/socialinitiative.se\/en\/case\/rosberg-case\/\" \/>\n<meta property=\"og:site_name\" content=\"Social Initiative\" \/>\n<meta property=\"article:modified_time\" content=\"2021-04-16T06:54:13+00:00\" \/>\n<meta name=\"twitter:card\" content=\"summary_large_image\" \/>\n<meta name=\"twitter:label1\" content=\"Est. reading time\" \/>\n\t<meta name=\"twitter:data1\" content=\"5 minutes\" \/>\n<script type=\"application\/ld+json\" class=\"yoast-schema-graph\">{\"@context\":\"https:\\\/\\\/schema.org\",\"@graph\":[{\"@type\":\"WebPage\",\"@id\":\"https:\\\/\\\/socialinitiative.se\\\/en\\\/case\\\/rosberg-case\\\/\",\"url\":\"https:\\\/\\\/socialinitiative.se\\\/en\\\/case\\\/rosberg-case\\\/\",\"name\":\"Rosberg case - Social Initiative\",\"isPartOf\":{\"@id\":\"https:\\\/\\\/socialinitiative.se\\\/#website\"},\"datePublished\":\"2021-04-14T19:05:03+00:00\",\"dateModified\":\"2021-04-16T06:54:13+00:00\",\"breadcrumb\":{\"@id\":\"https:\\\/\\\/socialinitiative.se\\\/en\\\/case\\\/rosberg-case\\\/#breadcrumb\"},\"inLanguage\":\"en-US\",\"potentialAction\":[{\"@type\":\"ReadAction\",\"target\":[\"https:\\\/\\\/socialinitiative.se\\\/en\\\/case\\\/rosberg-case\\\/\"]}]},{\"@type\":\"BreadcrumbList\",\"@id\":\"https:\\\/\\\/socialinitiative.se\\\/en\\\/case\\\/rosberg-case\\\/#breadcrumb\",\"itemListElement\":[{\"@type\":\"ListItem\",\"position\":1,\"name\":\"Case\",\"item\":\"https:\\\/\\\/socialinitiative.se\\\/en\\\/case\\\/\"},{\"@type\":\"ListItem\",\"position\":2,\"name\":\"Rosberg case\"}]},{\"@type\":\"WebSite\",\"@id\":\"https:\\\/\\\/socialinitiative.se\\\/#website\",\"url\":\"https:\\\/\\\/socialinitiative.se\\\/\",\"name\":\"Social Initiative\",\"description\":\"St\u00e4rker socialt entrepren\u00f6rskap\",\"potentialAction\":[{\"@type\":\"SearchAction\",\"target\":{\"@type\":\"EntryPoint\",\"urlTemplate\":\"https:\\\/\\\/socialinitiative.se\\\/?s={search_term_string}\"},\"query-input\":{\"@type\":\"PropertyValueSpecification\",\"valueRequired\":true,\"valueName\":\"search_term_string\"}}],\"inLanguage\":\"en-US\"}]}<\/script>\n<!-- \/ Yoast SEO plugin. -->","yoast_head_json":{"title":"Rosberg case - Social Initiative","robots":{"index":"index","follow":"follow","max-snippet":"max-snippet:-1","max-image-preview":"max-image-preview:large","max-video-preview":"max-video-preview:-1"},"canonical":"https:\/\/socialinitiative.se\/en\/case\/rosberg-case\/","og_locale":"en_US","og_type":"article","og_title":"Rosberg case - Social Initiative","og_description":"[vc_row][vc_column][\/vc_column][\/vc_row][vc_row][vc_column width=&#8221;1\/2&#8243;][vc_single_image image=&#8221;2472&#8243; img_size=&#8221;large&#8221;][\/vc_column][vc_column width=&#8221;1\/2&#8243;][vc_column_text css=&#8221;.vc_custom_1608128491605{padding-right: 29px !important;padding-left: 20px !important;}&#8221;] A personal effort After training with Tjejzonen, Ina Rosberg contributed with her time and engagement in the Tjejzonen chat. During a couple of hours once a week, she would chat with young girls from all over Sweden. Being able to talk about their feelings and&hellip;","og_url":"https:\/\/socialinitiative.se\/en\/case\/rosberg-case\/","og_site_name":"Social Initiative","article_modified_time":"2021-04-16T06:54:13+00:00","twitter_card":"summary_large_image","twitter_misc":{"Est. reading time":"5 minutes"},"schema":{"@context":"https:\/\/schema.org","@graph":[{"@type":"WebPage","@id":"https:\/\/socialinitiative.se\/en\/case\/rosberg-case\/","url":"https:\/\/socialinitiative.se\/en\/case\/rosberg-case\/","name":"Rosberg case - Social Initiative","isPartOf":{"@id":"https:\/\/socialinitiative.se\/#website"},"datePublished":"2021-04-14T19:05:03+00:00","dateModified":"2021-04-16T06:54:13+00:00","breadcrumb":{"@id":"https:\/\/socialinitiative.se\/en\/case\/rosberg-case\/#breadcrumb"},"inLanguage":"en-US","potentialAction":[{"@type":"ReadAction","target":["https:\/\/socialinitiative.se\/en\/case\/rosberg-case\/"]}]},{"@type":"BreadcrumbList","@id":"https:\/\/socialinitiative.se\/en\/case\/rosberg-case\/#breadcrumb","itemListElement":[{"@type":"ListItem","position":1,"name":"Case","item":"https:\/\/socialinitiative.se\/en\/case\/"},{"@type":"ListItem","position":2,"name":"Rosberg case"}]},{"@type":"WebSite","@id":"https:\/\/socialinitiative.se\/#website","url":"https:\/\/socialinitiative.se\/","name":"Social Initiative","description":"St\u00e4rker socialt entrepren\u00f6rskap","potentialAction":[{"@type":"SearchAction","target":{"@type":"EntryPoint","urlTemplate":"https:\/\/socialinitiative.se\/?s={search_term_string}"},"query-input":{"@type":"PropertyValueSpecification","valueRequired":true,"valueName":"search_term_string"}}],"inLanguage":"en-US"}]}},"_links":{"self":[{"href":"https:\/\/socialinitiative.se\/en\/wp-json\/wp\/v2\/pages\/4921","targetHints":{"allow":["GET"]}}],"collection":[{"href":"https:\/\/socialinitiative.se\/en\/wp-json\/wp\/v2\/pages"}],"about":[{"href":"https:\/\/socialinitiative.se\/en\/wp-json\/wp\/v2\/types\/page"}],"author":[{"embeddable":true,"href":"https:\/\/socialinitiative.se\/en\/wp-json\/wp\/v2\/users\/1"}],"replies":[{"embeddable":true,"href":"https:\/\/socialinitiative.se\/en\/wp-json\/wp\/v2\/comments?post=4921"}],"version-history":[{"count":3,"href":"https:\/\/socialinitiative.se\/en\/wp-json\/wp\/v2\/pages\/4921\/revisions"}],"predecessor-version":[{"id":5040,"href":"https:\/\/socialinitiative.se\/en\/wp-json\/wp\/v2\/pages\/4921\/revisions\/5040"}],"up":[{"embeddable":true,"href":"https:\/\/socialinitiative.se\/en\/wp-json\/wp\/v2\/pages\/4799"}],"wp:attachment":[{"href":"https:\/\/socialinitiative.se\/en\/wp-json\/wp\/v2\/media?parent=4921"}],"curies":[{"name":"wp","href":"https:\/\/api.w.org\/{rel}","templated":true}]}}