{"id":7612,"date":"2024-09-03T12:15:59","date_gmt":"2024-09-03T12:15:59","guid":{"rendered":"https:\/\/socialinitiative.se\/collaborate-with-us\/companies\/"},"modified":"2025-04-10T12:50:43","modified_gmt":"2025-04-10T12:50:43","slug":"companies","status":"publish","type":"page","link":"https:\/\/socialinitiative.se\/en\/collaborate-with-us\/companies\/","title":{"rendered":"Companies"},"content":{"rendered":"<div class=\"wpb-content-wrapper\"><p>[vc_row row_equal_height=&#8221;yes&#8221; fullwidth=&#8221;yes&#8221; css=&#8221;.vc_custom_1678461483207{margin-top: -95px !important;border-top-width: -95px !important;padding-top: -95px !important;}&#8221;][vc_column][vc_single_image image=&#8221;8135&#8243; img_size=&#8221;2500&#215;900&#8243; alignment=&#8221;center&#8221; css=&#8221;&#8221;]\r\n\t<div class=\"fundrize-spacer clearfix\" data-desktop=\"50\" data-mobi=\"0\" data-smobi=\"0\"><\/div>[\/vc_column][\/vc_row][vc_row][vc_column width=&#8221;1\/2&#8243;]\r\n\t<div class=\"fundrize-spacer clearfix\" data-desktop=\"50\" data-mobi=\"30\" data-smobi=\"30\"><\/div>[vc_single_image image=&#8221;6291&#8243; img_size=&#8221;1920x1080px&#8221; alignment=&#8221;center&#8221; onclick=&#8221;custom_link&#8221; link=&#8221;https:\/\/socialinitiative.se\/en\/social-entrepreneurs\/&#8221;]\r\n\t<div class=\"fundrize-spacer clearfix\" data-desktop=\"50\" data-mobi=\"30\" data-smobi=\"30\"><\/div>[\/vc_column][vc_column width=&#8221;1\/2&#8243;]\r\n\t<div class=\"fundrize-spacer clearfix\" data-desktop=\"50\" data-mobi=\"30\" data-smobi=\"30\"><\/div><div class=\"fundrize-headings clearfix text-center\"  style=\"\"><h2 class=\"heading clearfix\" style=\"font-weight:400;color:#000000;font-family:Open Sans;\">\r\n\t\tWhat would you like to achieve?\r\n\t<\/h2><\/div>[vc_empty_space height=&#8221;15px&#8221;][vc_column_text]<\/p>\n<p style=\"text-align: left;\">In order for your societal engagement to be credible and long-lasting, we work according to your business models and your goals Together, we develop your societal engagement based on your values and existing sustainability framework, and connect this with the Sustainable Development Goals that you have chosen to focus on. The aim is to create both a large societal impact as well as benefits for you as a company.<\/p>\n<p>[\/vc_column_text]\r\n\t<div class=\"fundrize-spacer clearfix\" data-desktop=\"20\" data-mobi=\"10\" data-smobi=\"10\"><\/div><div class=\"button-wrap icon-left\" style=\"display:inline-block;margin:25px 25px 25px 25px;display:block; text-align:center;\"><a href=\"https:\/\/socialinitiative.se\/case\/fagerhult-case\/\" target=\"_self\" class=\"fundrize-button  solid accent\" style=\"display:inline-block;margin:25px 25px 25px 25px;display:block; text-align:center;border-radius:10px;font-family:Open Sans;\">\r\n\t\t<span style=\"\">Fagerhult spreads light in rural Tanzania <\/span>\r\n\t<\/a><\/div>\r\n\t<div class=\"fundrize-spacer clearfix\" data-desktop=\"50\" data-mobi=\"30\" data-smobi=\"30\"><\/div>[\/vc_column][\/vc_row][vc_row css=&#8221;.vc_custom_1675676233664{background-color: #f5f5f5 !important;}&#8221;][vc_column width=&#8221;1\/2&#8243;]\r\n\t<div class=\"fundrize-spacer clearfix\" data-desktop=\"50\" data-mobi=\"30\" data-smobi=\"30\"><\/div><div class=\"fundrize-headings clearfix text-center\"  style=\"\"><h2 class=\"heading clearfix\" style=\"font-weight:400;color:#000000;font-family:Open Sans;\">\r\n\t\tFinding the right partnership\r\n\t<\/h2><\/div>[vc_empty_space height=&#8221;15px&#8221;][vc_column_text]Choosing a partner is partly about ensuring that your organisation is working effectively and making a real difference, and partly about finding the \u2018right match\u2019 for you. We work with social entrepreneurs who are making a big difference with innovative approaches.<\/p>\n<p>No matter the country, there is a wealth of social entrepreneurs and far from all of them are good. Through our network, we collate a wide range of relevant social entrepreneurs within your chosen fields. Before recommending specific social entrepreneurs to you, we conduct a quality assurance process, including site visits and reference checks. We only recommend you the very best.[\/vc_column_text]\r\n\t<div class=\"fundrize-spacer clearfix\" data-desktop=\"20\" data-mobi=\"10\" data-smobi=\"10\"><\/div><div class=\"button-wrap icon-left\" style=\"display:inline-block;margin:25px 25px 25px 25px;display:block; text-align:center;\"><a href=\"https:\/\/socialinitiative.se\/en\/social-entrepreneurs\/\" target=\"_self\" class=\"fundrize-button  solid accent\" style=\"display:inline-block;margin:25px 25px 25px 25px;display:block; text-align:center;border-radius:10px;font-family:Open Sans;\">\r\n\t\t<span style=\"\">Social entrepreneurs we have created partnerships with <\/span>\r\n\t<\/a><\/div>\r\n\t<div class=\"fundrize-spacer clearfix\" data-desktop=\"50\" data-mobi=\"30\" data-smobi=\"30\"><\/div>[\/vc_column][vc_column width=&#8221;1\/2&#8243;]\r\n\t<div class=\"fundrize-spacer clearfix\" data-desktop=\"90\" data-mobi=\"60\" data-smobi=\"60\"><\/div>[vc_video link=&#8221;https:\/\/youtu.be\/sVrTALpQrm0&#8243; align=&#8221;center&#8221;]\r\n\t<div class=\"fundrize-spacer clearfix\" data-desktop=\"50\" data-mobi=\"30\" data-smobi=\"30\"><\/div>[\/vc_column][\/vc_row][vc_row][vc_column width=&#8221;1\/2&#8243;]\r\n\t<div class=\"fundrize-spacer clearfix\" data-desktop=\"50\" data-mobi=\"30\" data-smobi=\"30\"><\/div>[vc_video link=&#8221;https:\/\/youtu.be\/vYJeCi5GADE&#8221; align=&#8221;center&#8221;]\r\n\t<div class=\"fundrize-spacer clearfix\" data-desktop=\"50\" data-mobi=\"30\" data-smobi=\"30\"><\/div>[\/vc_column][vc_column width=&#8221;1\/2&#8243;]\r\n\t<div class=\"fundrize-spacer clearfix\" data-desktop=\"50\" data-mobi=\"30\" data-smobi=\"30\"><\/div><div class=\"fundrize-headings clearfix text-center\"  style=\"\"><h2 class=\"heading clearfix\" style=\"font-weight:400;color:#000000;font-family:Open Sans;\">\r\n\t\tClose partnerhips\r\n\t<\/h2><\/div>[vc_empty_space height=&#8221;15px&#8221;][vc_column_text]We build on the drive and passion of social entrepreneurs, providing the capital, knowledge, structure and experience to help them strengthen and scale their business and make an even bigger difference. We also share lessons learnt and best practice methods between the social entrepreneurs.<\/p>\n<p>You will receive regular updates from the social entrepreneurs, both in meetings where we discuss the development of the activities and in text, photos and films that you can share in your channels with employees, customers and other stakeholders.[\/vc_column_text]\r\n\t<div class=\"fundrize-spacer clearfix\" data-desktop=\"50\" data-mobi=\"30\" data-smobi=\"30\"><\/div>[\/vc_column][\/vc_row][vc_row css=&#8221;.vc_custom_1675676243486{background-color: #f5f5f5 !important;}&#8221;][vc_column width=&#8221;1\/2&#8243;]\r\n\t<div class=\"fundrize-spacer clearfix\" data-desktop=\"50\" data-mobi=\"30\" data-smobi=\"30\"><\/div><div class=\"fundrize-headings clearfix text-center\"  style=\"\"><h2 class=\"heading clearfix\" style=\"font-weight:400;color:#000000;font-family:Open Sans;\">\r\n\t\tMeasurable impact\r\n\t<\/h2><\/div>[vc_empty_space height=&#8221;15px&#8221;][vc_column_text]To know exactly what kind of impact we contribute to together, we set up agreements which are the foundation of our partnership, with budgets, milestones and key performance indicators. Social Initiative takes care of the follow-up of your support, measuring results and checking on the ground how the work is going. Our regular reporting will allow you to see the impact your support has had.<\/p>\n<p>Vi har sammanst\u00e4llt effekten fr\u00e5n v\u00e5ra samarbeten under 20 \u00e5r i en impactrapport.[\/vc_column_text]\r\n\t<div class=\"fundrize-spacer clearfix\" data-desktop=\"20\" data-mobi=\"10\" data-smobi=\"10\"><\/div><div class=\"button-wrap icon-left\" style=\"display:inline-block;margin:25px 25px 25px 25px;display:block; text-align:center;\"><a href=\"https:\/\/socialinitiative.se\/wp-content\/uploads\/2023\/02\/Social-Initiative-Impact-Report-1.pdf\" target=\"_self\" class=\"fundrize-button  solid accent\" style=\"display:inline-block;margin:25px 25px 25px 25px;display:block; text-align:center;border-radius:10px;font-family:Open Sans;\">\r\n\t\t<span style=\"\">Social Initiative Impact Report 2002-2022 <\/span>\r\n\t<\/a><\/div>\r\n\t<div class=\"fundrize-spacer clearfix\" data-desktop=\"50\" data-mobi=\"30\" data-smobi=\"30\"><\/div>[\/vc_column][vc_column width=&#8221;1\/2&#8243;]\r\n\t<div class=\"fundrize-spacer clearfix\" data-desktop=\"50\" data-mobi=\"30\" data-smobi=\"30\"><\/div>[vc_single_image image=&#8221;6306&#8243; img_size=&#8221;1920x1080px&#8221; alignment=&#8221;center&#8221; onclick=&#8221;custom_link&#8221; link=&#8221;https:\/\/socialinitiative.se\/en\/social-entrepreneurs\/&#8221;]\r\n\t<div class=\"fundrize-spacer clearfix\" data-desktop=\"50\" data-mobi=\"30\" data-smobi=\"30\"><\/div>[\/vc_column][\/vc_row][vc_row][vc_column width=&#8221;1\/2&#8243;]\r\n\t<div class=\"fundrize-spacer clearfix\" data-desktop=\"50\" data-mobi=\"30\" data-smobi=\"30\"><\/div>[vc_single_image image=&#8221;5784&#8243; img_size=&#8221;1920x1080px&#8221; alignment=&#8221;center&#8221; onclick=&#8221;custom_link&#8221; link=&#8221;https:\/\/socialinitiative.se\/case\/carnegie-case\/&#8221;]\r\n\t<div class=\"fundrize-spacer clearfix\" data-desktop=\"50\" data-mobi=\"30\" data-smobi=\"30\"><\/div>[\/vc_column][vc_column width=&#8221;1\/2&#8243;]\r\n\t<div class=\"fundrize-spacer clearfix\" data-desktop=\"50\" data-mobi=\"30\" data-smobi=\"30\"><\/div><div class=\"fundrize-headings clearfix text-center\"  style=\"\"><h2 class=\"heading clearfix\" style=\"font-weight:400;color:#000000;font-family:Open Sans;\">\r\n\t\tMeaningful employee engagement\r\n\t<\/h2><\/div>[vc_empty_space height=&#8221;15px&#8221;][vc_column_text]<\/p>\n<p style=\"text-align: left;\" data-ccp-props=\"{\">Many companies we work with want to engage their employees. Working together with you, Social Initiative organises various activities in your company that spread knowledge and joy and make employees feel proud and customers feel involved. You will receive regular updates from campaigns and activities with results, inspiring stories, photos, films and material to communicate in your internal and external channels.<\/p>\n<p>[\/vc_column_text]\r\n\t<div class=\"fundrize-spacer clearfix\" data-desktop=\"20\" data-mobi=\"10\" data-smobi=\"10\"><\/div><div class=\"button-wrap icon-left\" style=\"display:inline-block;margin:25px 25px 25px 25px;display:block; text-align:center;\"><a href=\"https:\/\/socialinitiative.se\/case\/carnegie-case\/\" target=\"_self\" class=\"fundrize-button  solid accent\" style=\"display:inline-block;margin:25px 25px 25px 25px;display:block; text-align:center;border-radius:10px;font-family:Open Sans;\">\r\n\t\t<span style=\"\">Carnegie creates engagement among employees <\/span>\r\n\t<\/a><\/div>\r\n\t<div class=\"fundrize-spacer clearfix\" data-desktop=\"50\" data-mobi=\"30\" data-smobi=\"30\"><\/div>[\/vc_column][\/vc_row][vc_row css=&#8221;.vc_custom_1677486055122{background-color: #f5f5f5 !important;}&#8221;][vc_column]\r\n\t<div class=\"fundrize-spacer clearfix\" data-desktop=\"50\" data-mobi=\"30\" data-smobi=\"30\"><\/div><div class=\"fundrize-headings clearfix \"  style=\"\"><h1 class=\"heading clearfix\" style=\"font-weight:400;font-family:Open Sans;\">\r\n\t\tDo you wish to learn more?\r\n\t<\/h1><\/div>[vc_empty_space height=&#8221;5px&#8221;][vc_column_text]Contact Caroline Cederl\u00f6f at <a href=\"mailto:caroline@socialinitiative.se\">caroline@socialinitiative.se<\/a> or 070 091 00 16[\/vc_column_text]\r\n\t<div class=\"fundrize-spacer clearfix\" data-desktop=\"50\" data-mobi=\"30\" data-smobi=\"30\"><\/div>[\/vc_column][\/vc_row]<\/p>\n<\/div>","protected":false},"excerpt":{"rendered":"<p>[vc_row row_equal_height=&#8221;yes&#8221; fullwidth=&#8221;yes&#8221; css=&#8221;.vc_custom_1678461483207{margin-top: -95px !important;border-top-width: -95px !important;padding-top: -95px !important;}&#8221;][vc_column][vc_single_image image=&#8221;8135&#8243; img_size=&#8221;2500&#215;900&#8243; alignment=&#8221;center&#8221; css=&#8221;&#8221;][\/vc_column][\/vc_row][vc_row][vc_column width=&#8221;1\/2&#8243;][vc_single_image image=&#8221;6291&#8243; img_size=&#8221;1920x1080px&#8221; alignment=&#8221;center&#8221; onclick=&#8221;custom_link&#8221; link=&#8221;https:\/\/socialinitiative.se\/en\/social-entrepreneurs\/&#8221;][\/vc_column][vc_column width=&#8221;1\/2&#8243;][vc_empty_space height=&#8221;15px&#8221;][vc_column_text] In order for your societal engagement to be credible and long-lasting, we work according to your business models and your goals Together, we develop your societal engagement based on your values and existing&hellip;<\/p>\n","protected":false},"author":5,"featured_media":0,"parent":4924,"menu_order":0,"comment_status":"closed","ping_status":"closed","template":"","meta":{"footnotes":""},"class_list":["post-7612","page","type-page","status-publish","hentry"],"yoast_head":"<!-- This site is optimized with the Yoast SEO plugin v27.2 - https:\/\/yoast.com\/product\/yoast-seo-wordpress\/ -->\n<title>Companies - Social Initiative<\/title>\n<meta name=\"robots\" content=\"index, follow, max-snippet:-1, max-image-preview:large, max-video-preview:-1\" \/>\n<link rel=\"canonical\" href=\"https:\/\/socialinitiative.se\/en\/collaborate-with-us\/companies\/\" \/>\n<meta property=\"og:locale\" content=\"en_US\" \/>\n<meta property=\"og:type\" content=\"article\" \/>\n<meta property=\"og:title\" content=\"Companies - Social Initiative\" \/>\n<meta property=\"og:description\" content=\"[vc_row row_equal_height=&#8221;yes&#8221; fullwidth=&#8221;yes&#8221; css=&#8221;.vc_custom_1678461483207{margin-top: -95px !important;border-top-width: -95px !important;padding-top: -95px !important;}&#8221;][vc_column][vc_single_image image=&#8221;8135&#8243; img_size=&#8221;2500&#215;900&#8243; alignment=&#8221;center&#8221; css=&#8221;&#8221;][\/vc_column][\/vc_row][vc_row][vc_column width=&#8221;1\/2&#8243;][vc_single_image image=&#8221;6291&#8243; img_size=&#8221;1920x1080px&#8221; alignment=&#8221;center&#8221; onclick=&#8221;custom_link&#8221; link=&#8221;https:\/\/socialinitiative.se\/en\/social-entrepreneurs\/&#8221;][\/vc_column][vc_column width=&#8221;1\/2&#8243;][vc_empty_space height=&#8221;15px&#8221;][vc_column_text] In order for your societal engagement to be credible and long-lasting, we work according to your business models and your goals Together, we develop your societal engagement based on your values and existing&hellip;\" \/>\n<meta property=\"og:url\" content=\"https:\/\/socialinitiative.se\/en\/collaborate-with-us\/companies\/\" \/>\n<meta property=\"og:site_name\" content=\"Social Initiative\" \/>\n<meta property=\"article:modified_time\" content=\"2025-04-10T12:50:43+00:00\" \/>\n<meta name=\"twitter:card\" content=\"summary_large_image\" \/>\n<meta name=\"twitter:label1\" content=\"Est. reading time\" \/>\n\t<meta name=\"twitter:data1\" content=\"6 minutes\" \/>\n<script type=\"application\/ld+json\" class=\"yoast-schema-graph\">{\"@context\":\"https:\/\/schema.org\",\"@graph\":[{\"@type\":\"WebPage\",\"@id\":\"https:\/\/socialinitiative.se\/en\/collaborate-with-us\/companies\/\",\"url\":\"https:\/\/socialinitiative.se\/en\/collaborate-with-us\/companies\/\",\"name\":\"Companies - Social Initiative\",\"isPartOf\":{\"@id\":\"https:\/\/socialinitiative.se\/#website\"},\"datePublished\":\"2024-09-03T12:15:59+00:00\",\"dateModified\":\"2025-04-10T12:50:43+00:00\",\"breadcrumb\":{\"@id\":\"https:\/\/socialinitiative.se\/en\/collaborate-with-us\/companies\/#breadcrumb\"},\"inLanguage\":\"en-US\",\"potentialAction\":[{\"@type\":\"ReadAction\",\"target\":[\"https:\/\/socialinitiative.se\/en\/collaborate-with-us\/companies\/\"]}]},{\"@type\":\"BreadcrumbList\",\"@id\":\"https:\/\/socialinitiative.se\/en\/collaborate-with-us\/companies\/#breadcrumb\",\"itemListElement\":[{\"@type\":\"ListItem\",\"position\":1,\"name\":\"Collaborate with us\",\"item\":\"https:\/\/socialinitiative.se\/en\/collaborate-with-us\/\"},{\"@type\":\"ListItem\",\"position\":2,\"name\":\"Companies\"}]},{\"@type\":\"WebSite\",\"@id\":\"https:\/\/socialinitiative.se\/#website\",\"url\":\"https:\/\/socialinitiative.se\/\",\"name\":\"Social Initiative\",\"description\":\"St\u00e4rker socialt entrepren\u00f6rskap\",\"potentialAction\":[{\"@type\":\"SearchAction\",\"target\":{\"@type\":\"EntryPoint\",\"urlTemplate\":\"https:\/\/socialinitiative.se\/?s={search_term_string}\"},\"query-input\":{\"@type\":\"PropertyValueSpecification\",\"valueRequired\":true,\"valueName\":\"search_term_string\"}}],\"inLanguage\":\"en-US\"}]}<\/script>\n<!-- \/ Yoast SEO plugin. -->","yoast_head_json":{"title":"Companies - Social Initiative","robots":{"index":"index","follow":"follow","max-snippet":"max-snippet:-1","max-image-preview":"max-image-preview:large","max-video-preview":"max-video-preview:-1"},"canonical":"https:\/\/socialinitiative.se\/en\/collaborate-with-us\/companies\/","og_locale":"en_US","og_type":"article","og_title":"Companies - Social Initiative","og_description":"[vc_row row_equal_height=&#8221;yes&#8221; fullwidth=&#8221;yes&#8221; css=&#8221;.vc_custom_1678461483207{margin-top: -95px !important;border-top-width: -95px !important;padding-top: -95px !important;}&#8221;][vc_column][vc_single_image image=&#8221;8135&#8243; img_size=&#8221;2500&#215;900&#8243; alignment=&#8221;center&#8221; css=&#8221;&#8221;][\/vc_column][\/vc_row][vc_row][vc_column width=&#8221;1\/2&#8243;][vc_single_image image=&#8221;6291&#8243; img_size=&#8221;1920x1080px&#8221; alignment=&#8221;center&#8221; onclick=&#8221;custom_link&#8221; link=&#8221;https:\/\/socialinitiative.se\/en\/social-entrepreneurs\/&#8221;][\/vc_column][vc_column width=&#8221;1\/2&#8243;][vc_empty_space height=&#8221;15px&#8221;][vc_column_text] In order for your societal engagement to be credible and long-lasting, we work according to your business models and your goals Together, we develop your societal engagement based on your values and existing&hellip;","og_url":"https:\/\/socialinitiative.se\/en\/collaborate-with-us\/companies\/","og_site_name":"Social Initiative","article_modified_time":"2025-04-10T12:50:43+00:00","twitter_card":"summary_large_image","twitter_misc":{"Est. reading time":"6 minutes"},"schema":{"@context":"https:\/\/schema.org","@graph":[{"@type":"WebPage","@id":"https:\/\/socialinitiative.se\/en\/collaborate-with-us\/companies\/","url":"https:\/\/socialinitiative.se\/en\/collaborate-with-us\/companies\/","name":"Companies - Social Initiative","isPartOf":{"@id":"https:\/\/socialinitiative.se\/#website"},"datePublished":"2024-09-03T12:15:59+00:00","dateModified":"2025-04-10T12:50:43+00:00","breadcrumb":{"@id":"https:\/\/socialinitiative.se\/en\/collaborate-with-us\/companies\/#breadcrumb"},"inLanguage":"en-US","potentialAction":[{"@type":"ReadAction","target":["https:\/\/socialinitiative.se\/en\/collaborate-with-us\/companies\/"]}]},{"@type":"BreadcrumbList","@id":"https:\/\/socialinitiative.se\/en\/collaborate-with-us\/companies\/#breadcrumb","itemListElement":[{"@type":"ListItem","position":1,"name":"Collaborate with us","item":"https:\/\/socialinitiative.se\/en\/collaborate-with-us\/"},{"@type":"ListItem","position":2,"name":"Companies"}]},{"@type":"WebSite","@id":"https:\/\/socialinitiative.se\/#website","url":"https:\/\/socialinitiative.se\/","name":"Social Initiative","description":"St\u00e4rker socialt entrepren\u00f6rskap","potentialAction":[{"@type":"SearchAction","target":{"@type":"EntryPoint","urlTemplate":"https:\/\/socialinitiative.se\/?s={search_term_string}"},"query-input":{"@type":"PropertyValueSpecification","valueRequired":true,"valueName":"search_term_string"}}],"inLanguage":"en-US"}]}},"_links":{"self":[{"href":"https:\/\/socialinitiative.se\/en\/wp-json\/wp\/v2\/pages\/7612","targetHints":{"allow":["GET"]}}],"collection":[{"href":"https:\/\/socialinitiative.se\/en\/wp-json\/wp\/v2\/pages"}],"about":[{"href":"https:\/\/socialinitiative.se\/en\/wp-json\/wp\/v2\/types\/page"}],"author":[{"embeddable":true,"href":"https:\/\/socialinitiative.se\/en\/wp-json\/wp\/v2\/users\/5"}],"replies":[{"embeddable":true,"href":"https:\/\/socialinitiative.se\/en\/wp-json\/wp\/v2\/comments?post=7612"}],"version-history":[{"count":14,"href":"https:\/\/socialinitiative.se\/en\/wp-json\/wp\/v2\/pages\/7612\/revisions"}],"predecessor-version":[{"id":8138,"href":"https:\/\/socialinitiative.se\/en\/wp-json\/wp\/v2\/pages\/7612\/revisions\/8138"}],"up":[{"embeddable":true,"href":"https:\/\/socialinitiative.se\/en\/wp-json\/wp\/v2\/pages\/4924"}],"wp:attachment":[{"href":"https:\/\/socialinitiative.se\/en\/wp-json\/wp\/v2\/media?parent=7612"}],"curies":[{"name":"wp","href":"https:\/\/api.w.org\/{rel}","templated":true}]}}